{"id":125851,"date":"2025-02-22T20:07:43","date_gmt":"2025-02-22T18:07:43","guid":{"rendered":"https:\/\/jerusalem-online.co.il\/a-propos\/"},"modified":"2025-12-12T13:29:10","modified_gmt":"2025-12-12T11:29:10","slug":"a-propos","status":"publish","type":"page","link":"https:\/\/jerusalem-online.co.il\/fr\/a-propos\/","title":{"rendered":"\u00c0 propos"},"content":{"rendered":"\t\t<div data-elementor-type=\"wp-post\" data-elementor-id=\"125851\" class=\"elementor elementor-125851 elementor-20150\" data-elementor-post-type=\"page\">\n\t\t\t\t<div class=\"elementor-element elementor-element-cf84af9 e-flex e-con-boxed e-con e-parent\" data-id=\"cf84af9\" data-element_type=\"container\" data-e-type=\"container\">\n\t\t\t\t\t<div class=\"e-con-inner\">\n\t\t\t\t<div class=\"elementor-element elementor-element-595d37c elementor-widget elementor-widget-text-editor\" data-id=\"595d37c\" data-element_type=\"widget\" data-e-type=\"widget\" data-widget_type=\"text-editor.default\">\n\t\t\t\t\t\t\t\t\t<p style=\"text-align: center;\"><a href=\"https:\/\/jerusalem-online.co.il\/fr\/\"><strong>Jerusalem-online<\/strong><\/a> est un site d\u2019opinions et d\u2019actualit\u00e9s qui couvre la vie \u00e0 J\u00e9rusalem avec un regard honn\u00eate et sinc\u00e8re.<br>Face \u00e0 un monde m\u00e9diatique biais\u00e9, souvent guid\u00e9 par des int\u00e9r\u00eats politiques et commerciaux, o\u00f9 un journalisme superficiel se r\u00e9p\u00e8te dans la couverture de la vie urbaine, Jerusalem-online pr\u00e9sente la r\u00e9alit\u00e9 telle qu\u2019elle est \u2014 parfois depuis la droite de l\u2019\u00e9chiquier politique, parfois depuis la gauche, parfois sous un angle la\u00efque et parfois religieux.<br>Le tout \u00e0 travers une s\u00e9lection de journalistes et chroniqueurs courageux, sans peur et sans aucune intention de servir des int\u00e9r\u00eats particuliers.<br>Le seul int\u00e9r\u00eat \u2014 refl\u00e9ter la v\u00e9rit\u00e9 et la r\u00e9alit\u00e9 sur les questions de religion et d\u2019\u00c9tat, de s\u00e9curit\u00e9 personnelle et militaire, des relations entre la\u00efcs et religieux, du co\u00fbt de la vie, et la r\u00e9alit\u00e9 authentique de J\u00e9rusalem.<\/p>\t\t\t\t\t\t\t\t<\/div>\n\t\t\t\t<div class=\"elementor-element elementor-element-1a7553e elementor-grid-3 elementor-shape-circle e-grid-align-center elementor-widget elementor-widget-social-icons\" data-id=\"1a7553e\" data-element_type=\"widget\" data-e-type=\"widget\" data-widget_type=\"social-icons.default\">\n\t\t\t\t\t\t\t<div class=\"elementor-social-icons-wrapper elementor-grid\" role=\"list\">\n\t\t\t\t\t\t\t<span class=\"elementor-grid-item\" role=\"listitem\">\n\t\t\t\t\t<a class=\"elementor-icon elementor-social-icon elementor-social-icon-facebook elementor-repeater-item-7d7d962\" href=\"#\" target=\"_blank\">\n\t\t\t\t\t\t<span class=\"elementor-screen-only\">Facebook<\/span>\n\t\t\t\t\t\t<svg aria-hidden=\"true\" class=\"e-font-icon-svg e-fab-facebook\" viewBox=\"0 0 512 512\" xmlns=\"http:\/\/www.w3.org\/2000\/svg\"><path d=\"M504 256C504 119 393 8 256 8S8 119 8 256c0 123.78 90.69 226.38 209.25 245V327.69h-63V256h63v-54.64c0-62.15 37-96.48 93.67-96.48 27.14 0 55.52 4.84 55.52 4.84v61h-31.28c-30.8 0-40.41 19.12-40.41 38.73V256h68.78l-11 71.69h-57.78V501C413.31 482.38 504 379.78 504 256z\"><\/path><\/svg>\t\t\t\t\t<\/a>\n\t\t\t\t<\/span>\n\t\t\t\t\t\t\t<span class=\"elementor-grid-item\" role=\"listitem\">\n\t\t\t\t\t<a class=\"elementor-icon elementor-social-icon elementor-social-icon-twitter elementor-repeater-item-e603ba8\" href=\"#\" target=\"_blank\">\n\t\t\t\t\t\t<span class=\"elementor-screen-only\">Twitter<\/span>\n\t\t\t\t\t\t<svg aria-hidden=\"true\" class=\"e-font-icon-svg e-fab-twitter\" viewBox=\"0 0 512 512\" xmlns=\"http:\/\/www.w3.org\/2000\/svg\"><path d=\"M459.37 151.716c.325 4.548.325 9.097.325 13.645 0 138.72-105.583 298.558-298.558 298.558-59.452 0-114.68-17.219-161.137-47.106 8.447.974 16.568 1.299 25.34 1.299 49.055 0 94.213-16.568 130.274-44.832-46.132-.975-84.792-31.188-98.112-72.772 6.498.974 12.995 1.624 19.818 1.624 9.421 0 18.843-1.3 27.614-3.573-48.081-9.747-84.143-51.98-84.143-102.985v-1.299c13.969 7.797 30.214 12.67 47.431 13.319-28.264-18.843-46.781-51.005-46.781-87.391 0-19.492 5.197-37.36 14.294-52.954 51.655 63.675 129.3 105.258 216.365 109.807-1.624-7.797-2.599-15.918-2.599-24.04 0-57.828 46.782-104.934 104.934-104.934 30.213 0 57.502 12.67 76.67 33.137 23.715-4.548 46.456-13.32 66.599-25.34-7.798 24.366-24.366 44.833-46.132 57.827 21.117-2.273 41.584-8.122 60.426-16.243-14.292 20.791-32.161 39.308-52.628 54.253z\"><\/path><\/svg>\t\t\t\t\t<\/a>\n\t\t\t\t<\/span>\n\t\t\t\t\t\t\t<span class=\"elementor-grid-item\" role=\"listitem\">\n\t\t\t\t\t<a class=\"elementor-icon elementor-social-icon elementor-social-icon-telegram elementor-repeater-item-403c084\" href=\"#\" target=\"_blank\">\n\t\t\t\t\t\t<span class=\"elementor-screen-only\">Telegram<\/span>\n\t\t\t\t\t\t<svg aria-hidden=\"true\" class=\"e-font-icon-svg e-fab-telegram\" viewBox=\"0 0 496 512\" xmlns=\"http:\/\/www.w3.org\/2000\/svg\"><path d=\"M248 8C111 8 0 119 0 256s111 248 248 248 248-111 248-248S385 8 248 8zm121.8 169.9l-40.7 191.8c-3 13.6-11.1 16.9-22.4 10.5l-62-45.7-29.9 28.8c-3.3 3.3-6.1 6.1-12.5 6.1l4.4-63.1 114.9-103.8c5-4.4-1.1-6.9-7.7-2.5l-142 89.4-61.2-19.1c-13.3-4.2-13.6-13.3 2.8-19.7l239.1-92.2c11.1-4 20.8 2.7 17.2 19.5z\"><\/path><\/svg>\t\t\t\t\t<\/a>\n\t\t\t\t<\/span>\n\t\t\t\t\t<\/div>\n\t\t\t\t\t\t<\/div>\n\t\t\t\t\t<\/div>\n\t\t\t\t<\/div>\n\t\t\t\t<\/div>\n\t\t","protected":false},"excerpt":{"rendered":"<p>Jerusalem-online est un site d\u2019opinions et d\u2019actualit\u00e9s qui couvre la vie \u00e0 J\u00e9rusalem avec un regard honn\u00eate et sinc\u00e8re.Face \u00e0 un monde m\u00e9diatique biais\u00e9, souvent guid\u00e9 par des int\u00e9r\u00eats politiques et commerciaux, o\u00f9 un journalisme superficiel se r\u00e9p\u00e8te dans la couverture de la vie urbaine, Jerusalem-online pr\u00e9sente la r\u00e9alit\u00e9 telle qu\u2019elle est \u2014 parfois depuis [&hellip;]<\/p>\n","protected":false},"author":2,"featured_media":0,"parent":0,"menu_order":0,"comment_status":"closed","ping_status":"closed","template":"","meta":{"_acf_changed":false,"_seopress_robots_primary_cat":"","_seopress_titles_title":"","_seopress_titles_desc":"","_seopress_robots_index":"","footnotes":""},"class_list":["post-125851","page","type-page","status-publish"],"acf":[],"_links":{"self":[{"href":"https:\/\/jerusalem-online.co.il\/fr\/wp-json\/wp\/v2\/pages\/125851","targetHints":{"allow":["GET"]}}],"collection":[{"href":"https:\/\/jerusalem-online.co.il\/fr\/wp-json\/wp\/v2\/pages"}],"about":[{"href":"https:\/\/jerusalem-online.co.il\/fr\/wp-json\/wp\/v2\/types\/page"}],"author":[{"embeddable":true,"href":"https:\/\/jerusalem-online.co.il\/fr\/wp-json\/wp\/v2\/users\/2"}],"replies":[{"embeddable":true,"href":"https:\/\/jerusalem-online.co.il\/fr\/wp-json\/wp\/v2\/comments?post=125851"}],"version-history":[{"count":0,"href":"https:\/\/jerusalem-online.co.il\/fr\/wp-json\/wp\/v2\/pages\/125851\/revisions"}],"wp:attachment":[{"href":"https:\/\/jerusalem-online.co.il\/fr\/wp-json\/wp\/v2\/media?parent=125851"}],"curies":[{"name":"wp","href":"https:\/\/api.w.org\/{rel}","templated":true}]}}