{"id":125867,"date":"2023-10-20T17:45:00","date_gmt":"2023-10-20T14:45:00","guid":{"rendered":"https:\/\/jerusalem-online.co.il\/declaration-daccessibilite\/"},"modified":"2025-12-12T15:10:57","modified_gmt":"2025-12-12T13:10:57","slug":"declaration-daccessibilite","status":"publish","type":"page","link":"https:\/\/jerusalem-online.co.il\/fr\/declaration-daccessibilite\/","title":{"rendered":"D\u00e9claration d\u2019accessibilit\u00e9"},"content":{"rendered":"\t\t<div data-elementor-type=\"wp-page\" data-elementor-id=\"125867\" class=\"elementor elementor-125867 elementor-26041\" data-elementor-post-type=\"page\">\n\t\t\t\t<div class=\"elementor-element elementor-element-535f7b4 e-flex e-con-boxed e-con e-parent\" data-id=\"535f7b4\" data-element_type=\"container\" data-e-type=\"container\">\n\t\t\t\t\t<div class=\"e-con-inner\">\n\t\t\t\t<div class=\"elementor-element elementor-element-c7f6980 elementor-widget elementor-widget-text-editor\" data-id=\"c7f6980\" data-element_type=\"widget\" data-e-type=\"widget\" data-widget_type=\"text-editor.default\">\n\t\t\t\t\t\t\t\t\t<p data-fontsize=\"16\">Conform\u00e9ment \u00e0 la loi sur l\u2019\u00e9galit\u00e9 des droits des personnes handicap\u00e9es, 1998 :<br><\/p><p data-fontsize=\"16\">Nous prenons toutes les mesures n\u00e9cessaires et faisons tout ce qui est en notre pouvoir afin de fournir \u00e0 nos utilisateurs un service accessible et humain.<br><\/p><p data-fontsize=\"16\">Nous n\u2019\u00e9conomisons aucun effort et allouons les ressources n\u00e9cessaires \u00e0 cet effet.<br><\/p><p data-fontsize=\"16\">Notre objectif est que toute personne en situation de handicap ou toute personne \u00e2g\u00e9e puisse b\u00e9n\u00e9ficier de l\u2019ensemble de nos services.<br><\/p><p data-fontsize=\"16\">Comme tous nos autres utilisateurs, les personnes en situation de handicap ou les personnes \u00e2g\u00e9es ont droit \u00e0 l\u2019ensemble de nos services.<br><\/p><p data-fontsize=\"16\">\u00c0 cette fin, nous veillons \u00e0 pr\u00e9server leur autonomie et leur \u00e9galit\u00e9.<br><\/p><p data-fontsize=\"16\"><strong>Dispositifs d\u2019accessibilit\u00e9 existants dans les b\u00e2timents o\u00f9 nous op\u00e9rons :<br> <\/strong><\/p><ul><li>Toilettes accessibles.<br><\/li><li>Panneaux d\u2019identification et d\u2019orientation.<br><\/li><li>Acc\u00e8s autoris\u00e9 aux chiens guides pour les personnes en situation de handicap.<br><\/li><li>Acc\u00e8s pratique adapt\u00e9 aux fauteuils roulants.<br><\/li><li>Ascenseurs spacieux.<br><\/li><\/ul><p data-fontsize=\"16\"><strong><br>Dispositifs d\u2019accessibilit\u00e9 existants sur notre site :<br> <\/strong><\/p><ul><li>Le site est adapt\u00e9 et permet aux personnes en situation de handicap de naviguer comme tous les utilisateurs.<br><\/li><li>Le site est adapt\u00e9 et permet aux personnes \u00e2g\u00e9es de naviguer comme tous les utilisateurs.<br><\/li><li>Le site permet aux personnes en situation de handicap et aux personnes \u00e2g\u00e9es d\u2019utiliser des technologies d\u2019assistance pour l\u2019utilisation de l\u2019ordinateur.<br><\/li><\/ul><p data-fontsize=\"16\"><strong><br>Informations sur les adaptations d\u2019accessibilit\u00e9 mises en \u0153uvre sur notre site :<br> <\/strong><\/p><ul><li>Haute compatibilit\u00e9 avec le navigateur Chrome.<br><\/li><li>Compatibilit\u00e9 avec la navigation au clavier \u00e0 l\u2019aide de touches d\u00e9di\u00e9es pour quitter les menus et les fen\u00eatres.<br><\/li><li>Compatibilit\u00e9 avec l\u2019affichage responsive sur diff\u00e9rents navigateurs et sur ordinateurs et appareils mobiles.<br><\/li><li>Conformit\u00e9 aux exigences du \u00ab R\u00e8glement sur l\u2019\u00e9galit\u00e9 des droits des personnes handicap\u00e9es (adaptations d\u2019accessibilit\u00e9 aux services), 2013 \u00bb.<br><\/li><\/ul><p data-fontsize=\"16\"><strong><br>Demandes et suggestions d\u2019am\u00e9lioration en mati\u00e8re d\u2019accessibilit\u00e9 :<br> <\/strong><\/p><p data-fontsize=\"16\">Nous serons heureux de recevoir vos suggestions pour am\u00e9liorer l\u2019accessibilit\u00e9 de notre site et des b\u00e2timents o\u00f9 nous op\u00e9rons.<br><\/p><p data-fontsize=\"16\">Si vous avez rencontr\u00e9 un probl\u00e8me ou un dysfonctionnement li\u00e9 \u00e0 l\u2019accessibilit\u00e9, nous serons ravis d\u2019en \u00eatre inform\u00e9s.<br><\/p><p data-fontsize=\"16\">Nous nous engageons \u00e0 faire tous les efforts possibles pour traiter les probl\u00e8mes et trouver des solutions adapt\u00e9es.<br><\/p><p data-fontsize=\"16\"><strong><br>Moyens de nous contacter :<br> <\/strong><\/p><p data-fontsize=\"16\"><strong>E-mail:<\/strong> <a href=\"mailto:Jerusalemonline1@gmail.com\">Jerusalemonline1@gmail.com<\/a><\/p><p data-fontsize=\"16\"><strong>T\u00e9l\u00e9phone mobile :<\/strong><\/p><p data-fontsize=\"16\">Formulaire \u00ab Contact \u00bb en bas de la page.<\/p><p data-fontsize=\"16\"><strong><br>Coordonn\u00e9es du responsable de l\u2019accessibilit\u00e9 :<br><\/strong><\/p><p data-fontsize=\"16\"><strong>Nom :<br><\/strong><\/p><p data-fontsize=\"16\"><strong><br>Publication de la d\u00e9claration d\u2019accessibilit\u00e9<br><\/strong><\/p><p data-fontsize=\"16\">La d\u00e9claration d\u2019accessibilit\u00e9 a \u00e9t\u00e9 mise \u00e0 jour le : 2\/9\/2023.<\/p>\t\t\t\t\t\t\t\t<\/div>\n\t\t\t\t\t<\/div>\n\t\t\t\t<\/div>\n\t\t\t\t<\/div>\n\t\t","protected":false},"excerpt":{"rendered":"<p>Conform\u00e9ment \u00e0 la loi sur l\u2019\u00e9galit\u00e9 des droits des personnes handicap\u00e9es, 1998 : Nous prenons toutes les mesures n\u00e9cessaires et faisons tout ce qui est en notre pouvoir afin de fournir \u00e0 nos utilisateurs un service accessible et humain. Nous n\u2019\u00e9conomisons aucun effort et allouons les ressources n\u00e9cessaires \u00e0 cet effet. Notre objectif est que [&hellip;]<\/p>\n","protected":false},"author":44,"featured_media":0,"parent":0,"menu_order":0,"comment_status":"closed","ping_status":"closed","template":"","meta":{"_acf_changed":false,"_seopress_robots_primary_cat":"","_seopress_titles_title":"","_seopress_titles_desc":"","_seopress_robots_index":"","footnotes":""},"class_list":["post-125867","page","type-page","status-publish"],"acf":[],"_links":{"self":[{"href":"https:\/\/jerusalem-online.co.il\/fr\/wp-json\/wp\/v2\/pages\/125867","targetHints":{"allow":["GET"]}}],"collection":[{"href":"https:\/\/jerusalem-online.co.il\/fr\/wp-json\/wp\/v2\/pages"}],"about":[{"href":"https:\/\/jerusalem-online.co.il\/fr\/wp-json\/wp\/v2\/types\/page"}],"author":[{"embeddable":true,"href":"https:\/\/jerusalem-online.co.il\/fr\/wp-json\/wp\/v2\/users\/44"}],"replies":[{"embeddable":true,"href":"https:\/\/jerusalem-online.co.il\/fr\/wp-json\/wp\/v2\/comments?post=125867"}],"version-history":[{"count":0,"href":"https:\/\/jerusalem-online.co.il\/fr\/wp-json\/wp\/v2\/pages\/125867\/revisions"}],"wp:attachment":[{"href":"https:\/\/jerusalem-online.co.il\/fr\/wp-json\/wp\/v2\/media?parent=125867"}],"curies":[{"name":"wp","href":"https:\/\/api.w.org\/{rel}","templated":true}]}}